{"id":7579,"date":"2024-10-10T11:55:48","date_gmt":"2024-10-10T08:55:48","guid":{"rendered":"https:\/\/hair4you.com.tr\/fr\/?page_id=7579"},"modified":"2024-10-22T12:04:41","modified_gmt":"2024-10-22T09:04:41","slug":"traitements","status":"publish","type":"page","link":"https:\/\/hair4you.com.tr\/fr\/traitements\/","title":{"rendered":"Traitements"},"content":{"rendered":"\t\t<div data-elementor-type=\"wp-page\" data-elementor-id=\"7579\" class=\"elementor elementor-7579\" data-elementor-post-type=\"page\">\n\t\t\t\t\t\t<section class=\"elementor-section elementor-top-section elementor-element elementor-element-8712163 elementor-section-boxed elementor-section-height-default elementor-section-height-default wpr-particle-no wpr-jarallax-no wpr-parallax-no wpr-sticky-section-no\" data-id=\"8712163\" data-element_type=\"section\">\n\t\t\t\t\t\t<div class=\"elementor-container elementor-column-gap-default\">\n\t\t\t\t\t<div class=\"elementor-column elementor-col-66 elementor-top-column elementor-element elementor-element-f6e067c\" data-id=\"f6e067c\" data-element_type=\"column\">\n\t\t\t<div class=\"elementor-widget-wrap elementor-element-populated\">\n\t\t\t\t\t\t<div class=\"elementor-element elementor-element-e9e37ac elementor-widget__width-auto elementor-widget elementor-widget-ld_breadcrumb\" data-id=\"e9e37ac\" data-element_type=\"widget\" data-widget_type=\"ld_breadcrumb.default\">\n\t\t\t\t<div class=\"elementor-widget-container\">\n\t\t\t<div class=\"lqd-breadcrumb-wrapper\"><nav role=\"navigation\" aria-label=\"Breadcrumbs\" class=\"breadcrumbs\"><ol class=\"breadcrumb reset-ul inline-nav inline-ul comma-sep-li\"><li class=\"breadcrumb-item active\"><a href=\"https:\/\/hair4you.com.tr\/fr\" rel=\"home\"><span>Home<\/span><\/a><\/li><\/ol><\/nav><\/div>\t\t<\/div>\n\t\t\t\t<\/div>\n\t\t\t\t<div class=\"elementor-element elementor-element-e4d91b3 elementor-widget elementor-widget-spacer\" data-id=\"e4d91b3\" data-element_type=\"widget\" data-widget_type=\"spacer.default\">\n\t\t\t\t<div class=\"elementor-widget-container\">\n\t\t\t\t\t<div class=\"elementor-spacer\">\n\t\t\t<div class=\"elementor-spacer-inner\"><\/div>\n\t\t<\/div>\n\t\t\t\t<\/div>\n\t\t\t\t<\/div>\n\t\t\t\t<div class=\"elementor-element elementor-element-bedebd3 elementor-widget elementor-widget-heading\" data-id=\"bedebd3\" data-element_type=\"widget\" data-widget_type=\"heading.default\">\n\t\t\t\t<div class=\"elementor-widget-container\">\n\t\t\t<h1 class=\"elementor-heading-title elementor-size-default\">Traitements<\/h1>\t\t<\/div>\n\t\t\t\t<\/div>\n\t\t\t\t\t<\/div>\n\t\t<\/div>\n\t\t\t\t<div class=\"elementor-column elementor-col-33 elementor-top-column elementor-element elementor-element-794744b\" data-id=\"794744b\" data-element_type=\"column\">\n\t\t\t<div class=\"elementor-widget-wrap\">\n\t\t\t\t\t\t\t<\/div>\n\t\t<\/div>\n\t\t\t\t\t<\/div>\n\t\t<\/section>\n\t\t\t\t<section class=\"elementor-section elementor-top-section elementor-element elementor-element-348715e elementor-section-boxed elementor-section-height-default elementor-section-height-default wpr-particle-no wpr-jarallax-no wpr-parallax-no wpr-sticky-section-no\" data-id=\"348715e\" data-element_type=\"section\">\n\t\t\t\t\t\t<div class=\"elementor-container elementor-column-gap-default\">\n\t\t\t\t\t<div class=\"elementor-column elementor-col-100 elementor-top-column elementor-element elementor-element-910c965\" data-id=\"910c965\" data-element_type=\"column\">\n\t\t\t<div class=\"elementor-widget-wrap elementor-element-populated\">\n\t\t\t\t\t\t<section class=\"elementor-section elementor-inner-section elementor-element elementor-element-4c5dfdd elementor-section-full_width elementor-section-height-default elementor-section-height-default wpr-particle-no wpr-jarallax-no wpr-parallax-no wpr-sticky-section-no\" data-id=\"4c5dfdd\" data-element_type=\"section\">\n\t\t\t\t\t\t<div class=\"elementor-container elementor-column-gap-default\">\n\t\t\t\t\t<div class=\"elementor-column elementor-col-33 elementor-inner-column elementor-element elementor-element-cbc7182\" data-id=\"cbc7182\" data-element_type=\"column\">\n\t\t\t<div class=\"elementor-widget-wrap elementor-element-populated\">\n\t\t\t\t\t\t<div class=\"elementor-element elementor-element-62489bf elementor-widget elementor-widget-heading\" data-id=\"62489bf\" data-element_type=\"widget\" data-widget_type=\"heading.default\">\n\t\t\t\t<div class=\"elementor-widget-container\">\n\t\t\t<h4 class=\"elementor-heading-title elementor-size-default\">Greffe de cheveux<\/h4>\t\t<\/div>\n\t\t\t\t<\/div>\n\t\t\t\t\t<\/div>\n\t\t<\/div>\n\t\t\t\t<div class=\"elementor-column elementor-col-33 elementor-inner-column elementor-element elementor-element-3c60ff2\" data-id=\"3c60ff2\" data-element_type=\"column\">\n\t\t\t<div class=\"elementor-widget-wrap elementor-element-populated\">\n\t\t\t\t\t\t<div class=\"elementor-element elementor-element-32eaf83 wpr-page-list-vertical wpr-pl-badge-center wpr-pl-icon-center elementor-widget elementor-widget-wpr-page-list\" data-id=\"32eaf83\" data-element_type=\"widget\" data-widget_type=\"wpr-page-list.default\">\n\t\t\t\t<div class=\"elementor-widget-container\">\n\t\t\t<div class=\"wpr-page-list-wrap\"><ul class=\"wpr-page-list\"><li class=\"wpr-page-list-item elementor-repeater-item-0cbc03c wpr-pointer-none wpr-pointer-line-fx wpr-pointer-fx-fade\"><div><a class=\"wpr-no-pointer\" href=https:\/\/hair4you.com.tr\/fr\/greffe-de-cheveux-fue\/ target=_self>Greffe de cheveux FUE<\/a><\/div><\/li><li class=\"wpr-page-list-item elementor-repeater-item-6b1dc3b wpr-pointer-none wpr-pointer-line-fx wpr-pointer-fx-fade\"><div><a class=\"wpr-no-pointer\" href=https:\/\/hair4you.com.tr\/fr\/greffe-de-cheveux-dhi\/ target=_self>Greffe de cheveux DHI<\/a><\/div><\/li><li class=\"wpr-page-list-item elementor-repeater-item-80d8f0a wpr-pointer-none wpr-pointer-line-fx wpr-pointer-fx-fade\"><div><a class=\"wpr-no-pointer\" href=https:\/\/hair4you.com.tr\/fr\/greffe-de-cheveux-sapphire\/ target=_self>Greffe de cheveux Sapphire<\/a><\/div><\/li><li class=\"wpr-page-list-item elementor-repeater-item-f2e56b1 wpr-pointer-none wpr-pointer-line-fx wpr-pointer-fx-fade\"><div><a class=\"wpr-no-pointer\" href=https:\/\/hair4you.com.tr\/fr\/greffe-de-cheveux-non-epiles\/ target=_self>Greffe de cheveux non \u00e9pil\u00e9s<\/a><\/div><\/li><\/ul><\/div>\t\t<\/div>\n\t\t\t\t<\/div>\n\t\t\t\t\t<\/div>\n\t\t<\/div>\n\t\t\t\t<div class=\"elementor-column elementor-col-33 elementor-inner-column elementor-element elementor-element-c672971\" data-id=\"c672971\" data-element_type=\"column\">\n\t\t\t<div class=\"elementor-widget-wrap elementor-element-populated\">\n\t\t\t\t\t\t<div class=\"elementor-element elementor-element-22d6e3b wpr-page-list-vertical wpr-pl-badge-center wpr-pl-icon-center elementor-widget elementor-widget-wpr-page-list\" data-id=\"22d6e3b\" data-element_type=\"widget\" data-widget_type=\"wpr-page-list.default\">\n\t\t\t\t<div class=\"elementor-widget-container\">\n\t\t\t<div class=\"wpr-page-list-wrap\"><ul class=\"wpr-page-list\"><li class=\"wpr-page-list-item elementor-repeater-item-0cbc03c wpr-pointer-none wpr-pointer-line-fx wpr-pointer-fx-fade\"><div><a class=\"wpr-no-pointer\" href=https:\/\/hair4you.com.tr\/fr\/transplantation-de-barbe\/ target=_self>Transplantation de barbe<\/a><\/div><\/li><li class=\"wpr-page-list-item elementor-repeater-item-6b1dc3b wpr-pointer-none wpr-pointer-line-fx wpr-pointer-fx-fade\"><div><a class=\"wpr-no-pointer\" href=https:\/\/hair4you.com.tr\/fr\/greffe-de-cheveux-chez-la-femme\/ target=_self>Greffe de cheveux chez la femme<\/a><\/div><\/li><li class=\"wpr-page-list-item elementor-repeater-item-80d8f0a wpr-pointer-none wpr-pointer-line-fx wpr-pointer-fx-fade\"><div><a class=\"wpr-no-pointer\" href=https:\/\/hair4you.com.tr\/fr\/greffe-de-sourcils\/ target=_self>Greffe de sourcils<\/a><\/div><\/li><\/ul><\/div>\t\t<\/div>\n\t\t\t\t<\/div>\n\t\t\t\t\t<\/div>\n\t\t<\/div>\n\t\t\t\t\t<\/div>\n\t\t<\/section>\n\t\t\t\t\t<\/div>\n\t\t<\/div>\n\t\t\t\t\t<\/div>\n\t\t<\/section>\n\t\t\t\t<section class=\"elementor-section elementor-top-section elementor-element elementor-element-44c0131 elementor-section-boxed elementor-section-height-default elementor-section-height-default wpr-particle-no wpr-jarallax-no wpr-parallax-no wpr-sticky-section-no\" data-id=\"44c0131\" data-element_type=\"section\">\n\t\t\t\t\t\t<div class=\"elementor-container elementor-column-gap-default\">\n\t\t\t\t\t<div class=\"elementor-column elementor-col-100 elementor-top-column elementor-element elementor-element-14f88bb\" data-id=\"14f88bb\" data-element_type=\"column\">\n\t\t\t<div class=\"elementor-widget-wrap elementor-element-populated\">\n\t\t\t\t\t\t<section class=\"elementor-section elementor-inner-section elementor-element elementor-element-2c79faf elementor-section-full_width elementor-section-height-default elementor-section-height-default wpr-particle-no wpr-jarallax-no wpr-parallax-no wpr-sticky-section-no\" data-id=\"2c79faf\" data-element_type=\"section\">\n\t\t\t\t\t\t<div class=\"elementor-container elementor-column-gap-default\">\n\t\t\t\t\t<div class=\"elementor-column elementor-col-33 elementor-inner-column elementor-element elementor-element-a868852\" data-id=\"a868852\" data-element_type=\"column\">\n\t\t\t<div class=\"elementor-widget-wrap elementor-element-populated\">\n\t\t\t\t\t\t<div class=\"elementor-element elementor-element-616cf1c elementor-widget elementor-widget-heading\" data-id=\"616cf1c\" data-element_type=\"widget\" data-widget_type=\"heading.default\">\n\t\t\t\t<div class=\"elementor-widget-container\">\n\t\t\t<h4 class=\"elementor-heading-title elementor-size-default\">Traitements capillaires<\/h4>\t\t<\/div>\n\t\t\t\t<\/div>\n\t\t\t\t\t<\/div>\n\t\t<\/div>\n\t\t\t\t<div class=\"elementor-column elementor-col-33 elementor-inner-column elementor-element elementor-element-c97d360\" data-id=\"c97d360\" data-element_type=\"column\">\n\t\t\t<div class=\"elementor-widget-wrap elementor-element-populated\">\n\t\t\t\t\t\t<div class=\"elementor-element elementor-element-03eea35 wpr-page-list-vertical wpr-pl-badge-center wpr-pl-icon-center elementor-widget elementor-widget-wpr-page-list\" data-id=\"03eea35\" data-element_type=\"widget\" data-widget_type=\"wpr-page-list.default\">\n\t\t\t\t<div class=\"elementor-widget-container\">\n\t\t\t<div class=\"wpr-page-list-wrap\"><ul class=\"wpr-page-list\"><li class=\"wpr-page-list-item elementor-repeater-item-0cbc03c wpr-pointer-none wpr-pointer-line-fx wpr-pointer-fx-fade\"><div><a class=\"wpr-no-pointer\" href=https:\/\/hair4you.com.tr\/fr\/traitement-prp\/ target=_self>Traitement PRP<\/a><\/div><\/li><li class=\"wpr-page-list-item elementor-repeater-item-6b1dc3b wpr-pointer-none wpr-pointer-line-fx wpr-pointer-fx-fade\"><div><a class=\"wpr-no-pointer\" href=https:\/\/hair4you.com.tr\/fr\/mesotherapie-capillaire\/ target=_self>M\u00e9soth\u00e9rapie capillaire<\/a><\/div><\/li><\/ul><\/div>\t\t<\/div>\n\t\t\t\t<\/div>\n\t\t\t\t\t<\/div>\n\t\t<\/div>\n\t\t\t\t<div class=\"elementor-column elementor-col-33 elementor-inner-column elementor-element elementor-element-5a6eb52\" data-id=\"5a6eb52\" data-element_type=\"column\">\n\t\t\t<div class=\"elementor-widget-wrap elementor-element-populated\">\n\t\t\t\t\t\t<div class=\"elementor-element elementor-element-87d671b wpr-page-list-vertical wpr-pl-badge-center wpr-pl-icon-center elementor-widget elementor-widget-wpr-page-list\" data-id=\"87d671b\" data-element_type=\"widget\" data-widget_type=\"wpr-page-list.default\">\n\t\t\t\t<div class=\"elementor-widget-container\">\n\t\t\t<div class=\"wpr-page-list-wrap\"><ul class=\"wpr-page-list\"><li class=\"wpr-page-list-item elementor-repeater-item-0cbc03c wpr-pointer-none wpr-pointer-line-fx wpr-pointer-fx-fade\"><div><a class=\"wpr-no-pointer\" href=https:\/\/hair4you.com.tr\/fr\/traitement-laser-des-cheveux\/ target=_self>Traitement laser des cheveux<\/a><\/div><\/li><\/ul><\/div>\t\t<\/div>\n\t\t\t\t<\/div>\n\t\t\t\t\t<\/div>\n\t\t<\/div>\n\t\t\t\t\t<\/div>\n\t\t<\/section>\n\t\t\t\t\t<\/div>\n\t\t<\/div>\n\t\t\t\t\t<\/div>\n\t\t<\/section>\n\t\t\t\t<\/div>\n\t\t","protected":false},"excerpt":{"rendered":"<p>Home Traitements Greffe de cheveux Greffe de cheveux FUE Greffe de cheveux DHI Greffe de cheveux Sapphire Greffe de cheveux non \u00e9pil\u00e9s Transplantation de barbe Greffe de cheveux chez la femme Greffe de sourcils Traitements capillaires Traitement PRP M\u00e9soth\u00e9rapie capillaire Traitement laser des cheveux<\/p>\n","protected":false},"author":1,"featured_media":0,"parent":0,"menu_order":0,"comment_status":"closed","ping_status":"closed","template":"","meta":{"om_disable_all_campaigns":false,"_monsterinsights_skip_tracking":false,"_monsterinsights_sitenote_active":false,"_monsterinsights_sitenote_note":"","_monsterinsights_sitenote_category":0,"footnotes":""},"class_list":["post-7579","page","type-page","status-publish","hentry"],"aioseo_notices":[],"_links":{"self":[{"href":"https:\/\/hair4you.com.tr\/fr\/wp-json\/wp\/v2\/pages\/7579","targetHints":{"allow":["GET"]}}],"collection":[{"href":"https:\/\/hair4you.com.tr\/fr\/wp-json\/wp\/v2\/pages"}],"about":[{"href":"https:\/\/hair4you.com.tr\/fr\/wp-json\/wp\/v2\/types\/page"}],"author":[{"embeddable":true,"href":"https:\/\/hair4you.com.tr\/fr\/wp-json\/wp\/v2\/users\/1"}],"replies":[{"embeddable":true,"href":"https:\/\/hair4you.com.tr\/fr\/wp-json\/wp\/v2\/comments?post=7579"}],"version-history":[{"count":0,"href":"https:\/\/hair4you.com.tr\/fr\/wp-json\/wp\/v2\/pages\/7579\/revisions"}],"wp:attachment":[{"href":"https:\/\/hair4you.com.tr\/fr\/wp-json\/wp\/v2\/media?parent=7579"}],"curies":[{"name":"wp","href":"https:\/\/api.w.org\/{rel}","templated":true}]}}