{"id":6976,"date":"2024-10-09T10:38:59","date_gmt":"2024-10-09T07:38:59","guid":{"rendered":"https:\/\/hair4you.com.tr\/tr\/?page_id=6976"},"modified":"2025-12-22T10:48:31","modified_gmt":"2025-12-22T07:48:31","slug":"blog","status":"publish","type":"page","link":"https:\/\/hair4you.com.tr\/tr\/blog\/","title":{"rendered":"Blog"},"content":{"rendered":"\t\t<div data-elementor-type=\"wp-page\" data-elementor-id=\"6976\" class=\"elementor elementor-6976\" data-elementor-post-type=\"page\">\n\t\t\t\t\t\t<section class=\"elementor-section elementor-top-section elementor-element elementor-element-8712163 elementor-section-boxed elementor-section-height-default elementor-section-height-default wpr-particle-no wpr-jarallax-no wpr-parallax-no wpr-sticky-section-no\" data-id=\"8712163\" data-element_type=\"section\">\n\t\t\t\t\t\t<div class=\"elementor-container elementor-column-gap-default\">\n\t\t\t\t\t<div class=\"elementor-column elementor-col-66 elementor-top-column elementor-element elementor-element-f6e067c\" data-id=\"f6e067c\" data-element_type=\"column\">\n\t\t\t<div class=\"elementor-widget-wrap elementor-element-populated\">\n\t\t\t\t\t\t<div class=\"elementor-element elementor-element-e9e37ac elementor-widget__width-auto elementor-widget elementor-widget-ld_breadcrumb\" data-id=\"e9e37ac\" data-element_type=\"widget\" data-widget_type=\"ld_breadcrumb.default\">\n\t\t\t\t<div class=\"elementor-widget-container\">\n\t\t\t<div class=\"lqd-breadcrumb-wrapper\"><nav role=\"navigation\" aria-label=\"Breadcrumbs\" class=\"breadcrumbs\"><ol class=\"breadcrumb reset-ul inline-nav inline-ul comma-sep-li\"><li class=\"breadcrumb-item active\"><a href=\"https:\/\/hair4you.com.tr\/tr\" rel=\"home\"><span>Anasayfa<\/span><\/a><\/li><\/ol><\/nav><\/div>\t\t<\/div>\n\t\t\t\t<\/div>\n\t\t\t\t<div class=\"elementor-element elementor-element-e4d91b3 elementor-widget elementor-widget-spacer\" data-id=\"e4d91b3\" data-element_type=\"widget\" data-widget_type=\"spacer.default\">\n\t\t\t\t<div class=\"elementor-widget-container\">\n\t\t\t\t\t<div class=\"elementor-spacer\">\n\t\t\t<div class=\"elementor-spacer-inner\"><\/div>\n\t\t<\/div>\n\t\t\t\t<\/div>\n\t\t\t\t<\/div>\n\t\t\t\t<div class=\"elementor-element elementor-element-bedebd3 elementor-widget elementor-widget-heading\" data-id=\"bedebd3\" data-element_type=\"widget\" data-widget_type=\"heading.default\">\n\t\t\t\t<div class=\"elementor-widget-container\">\n\t\t\t<h1 class=\"elementor-heading-title elementor-size-default\">Blog<\/h1>\t\t<\/div>\n\t\t\t\t<\/div>\n\t\t\t\t<div class=\"elementor-element elementor-element-a8111ac elementor-widget elementor-widget-spacer\" data-id=\"a8111ac\" data-element_type=\"widget\" data-widget_type=\"spacer.default\">\n\t\t\t\t<div class=\"elementor-widget-container\">\n\t\t\t\t\t<div class=\"elementor-spacer\">\n\t\t\t<div class=\"elementor-spacer-inner\"><\/div>\n\t\t<\/div>\n\t\t\t\t<\/div>\n\t\t\t\t<\/div>\n\t\t\t\t<div class=\"elementor-element elementor-element-179e139 elementor-widget__width-initial elementor-widget-tablet__width-inherit elementor-widget elementor-widget-hub_fancy_heading\" data-id=\"179e139\" data-element_type=\"widget\" data-widget_type=\"hub_fancy_heading.default\">\n\t\t\t\t<div class=\"elementor-widget-container\">\n\t\t\t\n\t\t<div id=\"ld-fancy-heading-69e508b401af7\" class=\"ld-fancy-heading pos-rel\">\n\t\t\t<p class=\"ld-fh-element d-inline-block pos-rel  lqd-highlight-classic lqd-highlight-grow-left p\"  > Blogumuz, alan\u0131nda uzman ekip katk\u0131lar\u0131yla haz\u0131rlanmakta olup; en g\u00fcncel trendler, yenilik\u00e7i yakla\u015f\u0131mlar ve ilham verici ba\u015far\u0131 hik\u00e2yelerine kolayca ula\u015fman\u0131z\u0131 ama\u00e7lamaktad\u0131r.<\/p>\t\t<\/div>\n\n\t\t\t\t<\/div>\n\t\t\t\t<\/div>\n\t\t\t\t\t<\/div>\n\t\t<\/div>\n\t\t\t\t<div class=\"elementor-column elementor-col-33 elementor-top-column elementor-element elementor-element-794744b\" data-id=\"794744b\" data-element_type=\"column\">\n\t\t\t<div class=\"elementor-widget-wrap\">\n\t\t\t\t\t\t\t<\/div>\n\t\t<\/div>\n\t\t\t\t\t<\/div>\n\t\t<\/section>\n\t\t\t\t<section class=\"elementor-section elementor-top-section elementor-element elementor-element-2a958fd0 elementor-section-boxed elementor-section-height-default elementor-section-height-default wpr-particle-no wpr-jarallax-no wpr-parallax-no wpr-sticky-section-no\" data-id=\"2a958fd0\" data-element_type=\"section\">\n\t\t\t\t\t\t<div class=\"elementor-container elementor-column-gap-default\">\n\t\t\t\t\t<div class=\"elementor-column elementor-col-100 elementor-top-column elementor-element elementor-element-7ce6370f\" data-id=\"7ce6370f\" data-element_type=\"column\">\n\t\t\t<div class=\"elementor-widget-wrap elementor-element-populated\">\n\t\t\t\t\t\t<div class=\"elementor-element elementor-element-f68bff3 elementor-widget elementor-widget-ld_blog\" data-id=\"f68bff3\" data-element_type=\"widget\" data-widget_type=\"ld_blog.default\">\n\t\t\t\t<div class=\"elementor-widget-container\">\n\t\t\t<div class=\"lqd-lp-grid f68bff3 blog-id-258523123 \"><div class=\"lqd-lp-row row pos-rel d-flex flex-wrap\" ><div class=\"lqd-lp-column d-flex flex-column col-md-12 blog\"><article id=\"post-6957\" class=\"lqd-lp pos-rel lqd-lp-style-5 d-flex flex-wrap align-items-center text-start post-6957 post type-post status-publish format-standard has-post-thumbnail hentry category-blog\">\n<div class=\"lqd-lp-img mb-5 w-100\"><figure class=\"overflow-hidden border-radius-6\"><img fetchpriority=\"high\" decoding=\"async\" width=\"1250\" height=\"700\" src=\"https:\/\/hair4you.com.tr\/tr\/wp-content\/uploads\/2024\/10\/when-can-i-have-hair-after-a-hair-transplant-1-1250x700.jpg\" class=\"w-100 wp-post-image\" alt=\"\" \/><\/figure><\/div>\n<div class=\"lqd-lp-content pl-md-8 w-md-50 w-100\">\n\n\t<header class=\"lqd-lp-header\">\n\n\t\t<div class=\"lqd-lp-meta d-flex align-items-center\">\n\t\t\n\t\t\t\n\t\t\t<time class=\"lqd-lp-date pos-rel ms-4 ml-4\" datetime=\"2024-10-09T10:15:40+03:00\">2 y\u0131l ago<\/time>\n\t\t\t\n\t\t<\/div>\n\n\t\t<h2 class=\"entry-title lqd-lp-title mt-3 mb-4 h5\"><a  href=\"https:\/\/hair4you.com.tr\/tr\/sac-ekimi-sonrasi-ne-zaman-saclarim-uzar.html\/\" rel=\"bookmark\">Sa\u00e7 Ekimi Sonras\u0131 Ne Zaman Sa\u00e7lar\u0131m Uzar?<\/a><\/h2>\n\t<\/header>\n\n\t\t\t\t<div class=\"lqd-lp-excerpt w-80 mb-3\">\n\t\t\t\tMuhtemelen kuaf\u00f6r\u00fcn\u00fczle sa\u00e7 d\u00f6k\u00fclmesi deneyiminiz hakk\u0131nda konu\u015fmu\u015fsunuzdur.\t\t\t<\/div>\n\t\t\n\t<footer class=\"lqd-lp-footer mt-4\">\n\n\t\t<div class=\"lqd-lp-meta\">\n\t\t\t<div class=\"lqd-lp-author d-flex flex-wrap align-items-center pos-rel\">\n\t\t\t\t<a href=\"https:\/\/hair4you.com.tr\/tr\/author\/serkan\/\" class=\"lqd-overlay z-index-3\"><\/a>\n\t\t\t\t<figure class=\"border-radius-circle overflow-hidden\">\n\t\t\t\t\t<img alt='serkan' src='https:\/\/hair4you.com.tr\/tr\/wp-content\/litespeed\/avatar\/6a85d04c28831140e162fe6227aab0f8.jpg?ver=1776604802' srcset='https:\/\/hair4you.com.tr\/tr\/wp-content\/litespeed\/avatar\/ee9670db0155382da23eb8fcd2ad0de3.jpg?ver=1776604802 2x' class='avatar avatar-50 photo w-100' height='50' width='50' \/>\t\t\t\t<\/figure>\n\t\t\t\t<div class=\"lqd-lp-author-info ms-3 ml-3 mx-3\">\n\t\t\t\t\t<h3 class=\"mt-0 mb-0\">serkan<\/h3>\n\t\t\t\t<\/div>\n\t\t\t<\/div>\n\t\t<\/div>\n\t<\/footer>\n\n<\/div>\n\n<a  href=\"https:\/\/hair4you.com.tr\/tr\/sac-ekimi-sonrasi-ne-zaman-saclarim-uzar.html\/\" class=\"lqd-lp-overlay-link lqd-overlay lqd-cc-label-trigger z-index-2\" tab-index=\"-1\"><\/a><\/article><\/div><div class=\"lqd-lp-column d-flex flex-column col-md-12 blog\"><article id=\"post-5561\" class=\"lqd-lp pos-rel lqd-lp-style-5 d-flex flex-wrap align-items-center text-start post-5561 post type-post status-publish format-standard has-post-thumbnail hentry category-blog\">\n<div class=\"lqd-lp-img mb-5 w-100\"><figure class=\"overflow-hidden border-radius-6\"><img decoding=\"async\" width=\"1250\" height=\"700\" src=\"https:\/\/hair4you.com.tr\/tr\/wp-content\/uploads\/2021\/06\/make-sure-you-have-the-best-hairline-in-3-steps-1-1250x700.jpg\" class=\"w-100 wp-post-image\" alt=\"\" \/><\/figure><\/div>\n<div class=\"lqd-lp-content pl-md-8 w-md-50 w-100\">\n\n\t<header class=\"lqd-lp-header\">\n\n\t\t<div class=\"lqd-lp-meta d-flex align-items-center\">\n\t\t\n\t\t\t\n\t\t\t<time class=\"lqd-lp-date pos-rel ms-4 ml-4\" datetime=\"2021-06-02T13:40:12+03:00\">5 y\u0131l ago<\/time>\n\t\t\t\n\t\t<\/div>\n\n\t\t<h2 class=\"entry-title lqd-lp-title mt-3 mb-4 h5\"><a  href=\"https:\/\/hair4you.com.tr\/tr\/3-adimda-iyi-bir-sac-cizgisine-sahip-oldugunuzdan-emin-olun.html\/\" rel=\"bookmark\">3 Ad\u0131mda \u0130yi Bir Sa\u00e7 \u00c7izgisine Sahip Oldu\u011funuzdan Emin Olun<\/a><\/h2>\n\t<\/header>\n\n\t\t\t\t<div class=\"lqd-lp-excerpt w-80 mb-3\">\n\t\t\t\tSa\u00e7 ekimi y\u00f6ntemleri, klinikler ve doktorlar hakk\u0131nda ara\u015ft\u0131rma yapmaya ba\u015flad\u0131\u011f\u0131n\u0131zda, \u00f6zellikle sa\u00e7 \u00e7izgisi...\t\t\t<\/div>\n\t\t\n\t<footer class=\"lqd-lp-footer mt-4\">\n\n\t\t<div class=\"lqd-lp-meta\">\n\t\t\t<div class=\"lqd-lp-author d-flex flex-wrap align-items-center pos-rel\">\n\t\t\t\t<a href=\"https:\/\/hair4you.com.tr\/tr\/author\/serkan\/\" class=\"lqd-overlay z-index-3\"><\/a>\n\t\t\t\t<figure class=\"border-radius-circle overflow-hidden\">\n\t\t\t\t\t<img alt='serkan' src='https:\/\/hair4you.com.tr\/tr\/wp-content\/litespeed\/avatar\/6a85d04c28831140e162fe6227aab0f8.jpg?ver=1776604802' srcset='https:\/\/hair4you.com.tr\/tr\/wp-content\/litespeed\/avatar\/ee9670db0155382da23eb8fcd2ad0de3.jpg?ver=1776604802 2x' class='avatar avatar-50 photo w-100' height='50' width='50' \/>\t\t\t\t<\/figure>\n\t\t\t\t<div class=\"lqd-lp-author-info ms-3 ml-3 mx-3\">\n\t\t\t\t\t<h3 class=\"mt-0 mb-0\">serkan<\/h3>\n\t\t\t\t<\/div>\n\t\t\t<\/div>\n\t\t<\/div>\n\t<\/footer>\n\n<\/div>\n\n<a  href=\"https:\/\/hair4you.com.tr\/tr\/3-adimda-iyi-bir-sac-cizgisine-sahip-oldugunuzdan-emin-olun.html\/\" class=\"lqd-lp-overlay-link lqd-overlay lqd-cc-label-trigger z-index-2\" tab-index=\"-1\"><\/a><\/article><\/div><\/div><!--\/ .row --><\/div><!--\/ .lqd-lp-grid -->\t\t<\/div>\n\t\t\t\t<\/div>\n\t\t\t\t\t<\/div>\n\t\t<\/div>\n\t\t\t\t\t<\/div>\n\t\t<\/section>\n\t\t\t\t<\/div>\n\t\t","protected":false},"excerpt":{"rendered":"","protected":false},"author":1,"featured_media":0,"parent":0,"menu_order":0,"comment_status":"closed","ping_status":"closed","template":"","meta":{"om_disable_all_campaigns":false,"_monsterinsights_skip_tracking":false,"_monsterinsights_sitenote_active":false,"_monsterinsights_sitenote_note":"","_monsterinsights_sitenote_category":0,"footnotes":""},"class_list":["post-6976","page","type-page","status-publish","hentry"],"aioseo_notices":[],"_links":{"self":[{"href":"https:\/\/hair4you.com.tr\/tr\/wp-json\/wp\/v2\/pages\/6976","targetHints":{"allow":["GET"]}}],"collection":[{"href":"https:\/\/hair4you.com.tr\/tr\/wp-json\/wp\/v2\/pages"}],"about":[{"href":"https:\/\/hair4you.com.tr\/tr\/wp-json\/wp\/v2\/types\/page"}],"author":[{"embeddable":true,"href":"https:\/\/hair4you.com.tr\/tr\/wp-json\/wp\/v2\/users\/1"}],"replies":[{"embeddable":true,"href":"https:\/\/hair4you.com.tr\/tr\/wp-json\/wp\/v2\/comments?post=6976"}],"version-history":[{"count":3,"href":"https:\/\/hair4you.com.tr\/tr\/wp-json\/wp\/v2\/pages\/6976\/revisions"}],"predecessor-version":[{"id":8185,"href":"https:\/\/hair4you.com.tr\/tr\/wp-json\/wp\/v2\/pages\/6976\/revisions\/8185"}],"wp:attachment":[{"href":"https:\/\/hair4you.com.tr\/tr\/wp-json\/wp\/v2\/media?parent=6976"}],"curies":[{"name":"wp","href":"https:\/\/api.w.org\/{rel}","templated":true}]}}